{"id":17872,"date":"2016-09-05T11:27:53","date_gmt":"2016-09-05T09:27:53","guid":{"rendered":"http:\/\/www.schladming.diakonissen.at\/?page_id=17872\/"},"modified":"2025-05-30T10:14:53","modified_gmt":"2025-05-30T08:14:53","slug":"karriereundausbildung","status":"publish","type":"page","link":"https:\/\/www.schladming.diakonissen.at\/en\/clinic\/karriereundausbildung\/","title":{"rendered":"Karriere &#038; Ausbildung"},"content":{"rendered":"<div class=\"wpb-content-wrapper\">[vc_row css_animation=&#8221;&#8221; row_type=&#8221;row&#8221; use_row_as_full_screen_section=&#8221;no&#8221; type=&#8221;full_width&#8221; angled_section=&#8221;no&#8221; text_align=&#8221;left&#8221; background_image_as_pattern=&#8221;without_pattern&#8221; css=&#8221;.vc_custom_1473318722760{padding-bottom: 50px !important;}&#8221;][vc_column][vc_column_text]\r\n<h1>KARRIERE &amp; AUSBILDUNG<\/h1>\r\n[\/vc_column_text][vc_separator type=&#8221;small&#8221; position=&#8221;left&#8221; color=&#8221;#0055cc&#8221; thickness=&#8221;2&#8243; width=&#8221;120&#8243; up=&#8221;20&#8243; down=&#8221;20&#8243;][vc_row_inner row_type=&#8221;row&#8221; type=&#8221;full_width&#8221; text_align=&#8221;left&#8221; css_animation=&#8221;&#8221;][vc_column_inner][vc_column_text css=&#8221;&#8221;]\r\n<h2>M\u00f6chten auch Sie Teil unseres Teams werden?<\/h2>\r\nIn unserer Jobb\u00f6rse finden Sie aktuelle Stellenausschreibungen unseres Hauses. Sie werden sich bei uns wohlf\u00fchlen, wenn Sie Ihren Beruf ebenso lieben wie wir, gerne im Team arbeiten und das Wohl unserer Patienten f\u00fcr Sie oberste Priorit\u00e4t hat. Wir bieten Ihnen bei entsprechender Qualifikation einen niveauvollen Arbeitsplatz, Weiterbildungsm\u00f6glichkeiten und die Mitarbeit in einer engagierten Gemeinschaft, die Sie gerne in ihrer Mitte aufnimmt. N\u00e4here Informationen zu den offenen Stellen erhalten Sie durch Klicken auf die unten angef\u00fchrten Stellenanzeigen. Sie gelangen dann auf das Jobportal unseres Rechtstr\u00e4ger, dem Evangelischen Diakoniewerk Gallneukirchen. <a href=\"https:\/\/www.diakoniewerk.at\/\" target=\"_blank\" rel=\"attachment noopener wp-att-20976 noreferrer\"><img decoding=\"async\" class=\"wp-image-20976 size-medium alignnone\" title=\"https:\/\/www.diakoniewerk.at\/\" src=\"https:\/\/www.schladming.diakonissen.at\/wp-content\/uploads\/2020\/02\/1280px-Diakoniewerk_Logo_svg-300x48.png\" alt=\"\" width=\"300\" height=\"48\" srcset=\"https:\/\/www.schladming.diakonissen.at\/wp-content\/uploads\/2020\/02\/1280px-Diakoniewerk_Logo_svg-300x48.png 300w, https:\/\/www.schladming.diakonissen.at\/wp-content\/uploads\/2020\/02\/1280px-Diakoniewerk_Logo_svg-1024x165.png 1024w, https:\/\/www.schladming.diakonissen.at\/wp-content\/uploads\/2020\/02\/1280px-Diakoniewerk_Logo_svg-768x124.png 768w, https:\/\/www.schladming.diakonissen.at\/wp-content\/uploads\/2020\/02\/1280px-Diakoniewerk_Logo_svg-700x113.png 700w, https:\/\/www.schladming.diakonissen.at\/wp-content\/uploads\/2020\/02\/1280px-Diakoniewerk_Logo_svg.png 1280w\" sizes=\"(max-width: 300px) 100vw, 300px\" \/><\/a>[\/vc_column_text][vc_column_text css=&#8221;&#8221;]\r\n<h3>Offene Stellenangebote<\/h3>\r\n<ul>\r\n \t<li><a href=\"https:\/\/www.diakonie.at\/jobplattform\/offene-stellen\/dipl.-gesundheits-und-krankenpfleger-in-im-op-bereich\">DGKP OP-Bereich\u00a0<\/a><\/li>\r\n \t<li><a href=\"https:\/\/www.diakonie.at\/jobplattform\/offene-stellen\/oberaerztin-oberarzt-fuer-chirurgie-allgemein-bzw.-viszeralchirurgie\">Oberarzt\/ Ober\u00e4rztin f\u00fcr Chirurgie<\/a><\/li>\r\n \t<li><a href=\"https:\/\/www.diakonie.at\/jobplattform\/offene-stellen\/facharzt-fachaerztin-fuer-innere-medizin\">Facharzt\/ Fach\u00e4rztin f\u00fcr Innere Medizin<\/a><\/li>\r\n \t<li><a href=\"https:\/\/www.diakonie.at\/jobplattform\/offene-stellen\/facharzt-fachaerztin-fuer-anaesthesiologie-und-intensivmedizin\" target=\"_blank\" rel=\"noopener noreferrer\">Facharzt\/ Fach\u00e4rztin f\u00fcr An\u00e4sthesiologie und Intensivmedizin<\/a><\/li>\r\n \t<li><a href=\"https:\/\/www.diakonie.at\/jobplattform\/offene-stellen\/facharzt-fachaerztin-fuer-radiologie\">Facharzt\/Fach\u00e4rztin f\u00fcr Radiologie<\/a><\/li>\r\n \t<li><a href=\"https:\/\/www.diakonie.at\/jobplattform\/offene-stellen\/assistenzaerztin-assistenzarzt-fuer-innere-medizin\">Assistenzarzt\/ Assistenz\u00e4rztin f\u00fcr Innere Medizin<\/a><\/li>\r\n<\/ul>\r\n[\/vc_column_text][vc_column_text css=&#8221;&#8221;]\r\n<h3>Ausbildungen Medizin<\/h3>\r\n<ul>\r\n \t<li><a href=\"https:\/\/www.diakonie.at\/jobplattform\/offene-stellen\/basisausbildung-medizin\" target=\"_blank\" rel=\"noopener noreferrer\">Basisausbildung f\u00fcr Medizin<\/a><\/li>\r\n \t<li><a href=\"https:\/\/www.diakonie.at\/jobplattform\/offene-stellen\/grundausbildung-zum-facharzt-zur-fachaerztin-fuer-anaesthesiologie-und-intensivmedizin-m-w-d\" target=\"_blank\" rel=\"noopener noreferrer\">Grundausbildung zum Facharzt bzw. zur Fach\u00e4rztin f\u00fcr An\u00e4sthesiologie und Intensivmedizin<\/a><\/li>\r\n<\/ul>\r\n[\/vc_column_text][vc_column_text css=&#8221;&#8221;]\r\n<h3>Lehrstellen<\/h3>\r\n<ul>\r\n \t<li><a href=\"https:\/\/www.diakonie.at\/jobplattform\/offene-stellen\/lehrling-koch-koechin\">Lehrling Koch\/K\u00f6chin<\/a><\/li>\r\n<\/ul>\r\n<h2><strong><a href=\"https:\/\/diakoniewerk.bewerberportal.at\/Login\/193106\" target=\"_blank\" rel=\"noopener noreferrer\">Im Moment nichts dabei? Dann bewerben Sie sich initiativ!<\/a><\/strong><\/h2>\r\n[\/vc_column_text][vc_column_text css=&#8221;&#8221;]\r\n<h3>Praktikum<\/h3>\r\nWenn Sie sich f\u00fcr ein Praktikum in unserer Klinik interessieren, dann beachten Sie bitte\u00a0folgende Schritte:\r\n<ol>\r\n \t<li>Lesen Sie zuerst das Informationsblatt zu Ihrem Praktikum &#8211; das finden Sie hier: <a href=\"https:\/\/www.schladming.diakonissen.at\/en\/clinic\/karriereundausbildung\/informationsblatt-praktikum-2-2\/\" rel=\"attachment wp-att-21491\">Informationsblatt Praktikum<\/a><\/li>\r\n \t<li>F\u00fcllen Sie das Anmeldeformular aus &#8211; das finden Sie hier: <a href=\"https:\/\/www.schladming.diakonissen.at\/wp-content\/uploads\/2025\/04\/Anmeldeformular-Homepage_neu.docx\" target=\"_blank\" rel=\"attachment noopener wp-att-21893\">Anmeldeformular Homepage<\/a><\/li>\r\n \t<li>Senden Sie das Anmeldeformular an: <a href=\"&#x6d;&#x61;&#105;l&#x74;&#x6f;&#58;&#112;r&#x61;&#x6b;&#116;&#105;k&#x75;&#x6d;&#46;sc&#x68;&#x6c;&#97;d&#x6d;&#x69;&#110;&#103;&#64;&#x64;&#x69;&#97;&#107;o&#x6e;&#x69;&#115;se&#x6e;&#x2e;&#97;t\"><span id=\"OBJ_PREFIX_DWT4013_ZmEmailObjectHandler\" class=\"Object\"><span id=\"OBJ_PREFIX_DWT4018_ZmEmailObjectHandler\" class=\"Object-hover\"><u><span style=\"color: #005a95;\">&#112;&#114;&#x61;&#x6b;&#116;&#105;&#x6b;&#x75;&#109;&#46;&#x73;&#x63;&#104;&#108;&#x61;&#x64;&#109;&#105;&#x6e;&#x67;&#64;&#100;&#x69;&#x61;&#107;&#111;&#x6e;&#x69;&#115;&#115;&#x65;&#x6e;&#46;&#97;&#x74;<\/span><\/u><\/span><\/span><\/a><\/li>\r\n \t<li>Sie erhalten wenige Tage nach der Anmeldung eine schriftliche Mitteilung.<\/li>\r\n \t<li>NACH Zusage und sp\u00e4testens 14 Tage VOR Antritt des Praktikums ist ein Nachweis \u00fcber die geforderten Immunit\u00e4ten zu erbringen. Der Nachweis ist gemeinsam mit der nachfolgenden Erkl\u00e4rung an <a href=\"&#x6d;&#97;i&#x6c;&#x74;&#111;:&#x70;&#114;a&#x6b;&#x74;&#105;k&#x75;&#109;&#46;&#x73;&#x63;&#104;l&#x61;&#x64;&#109;&#x69;&#x6e;&#103;&#64;&#x64;&#x69;&#97;k&#x6f;&#110;i&#x73;&#x73;&#101;n&#x2e;&#97;t\">&#112;&#114;&#x61;k&#116;&#x69;&#x6b;u&#109;&#x2e;&#x73;c&#104;&#x6c;a&#100;&#x6d;&#x69;n&#103;&#x40;&#x64;i&#97;&#x6b;o&#110;&#x69;&#x73;s&#101;&#x6e;&#x2e;a&#116;<\/a> zu \u00fcbermitteln: <a href=\"https:\/\/www.schladming.diakonissen.at\/en\/clinic\/karriereundausbildung\/erklaerung-der-studierenden_impfnachweise-2\/\" target=\"_blank\" rel=\"attachment noopener wp-att-20195 noreferrer\">Erkl\u00e4rung der Studierenden_Impfnachweise<\/a><\/li>\r\n<\/ol>\r\n[\/vc_column_text][vc_column_text css=&#8221;.vc_custom_1748592597671{padding-bottom: 20px !important;}&#8221;]\r\n<h3>Famulatur und KPJ<\/h3>\r\nWenn Sie sich f\u00fcr eine Famulatur\u00a0oder f\u00fcr ein Klinisch-Praktisches-Jahr in unserer Klinik interessieren, dann senden Sie uns eine E-Mail: <a href=\"mail&#116;&#111;&#58;&#102;&#97;&#109;&#117;&#x6c;&#x61;&#x74;&#x75;&#x72;&#x2e;&#x73;&#x63;&#x68;ladm&#105;&#110;&#103;&#64;&#100;&#105;&#97;&#x6b;&#x6f;&#x6e;&#x69;&#x73;&#x73;&#x65;&#x6e;&#x2e;at\"><span id=\"OBJ_PREFIX_DWT4371_ZmEmailObjectHandler\" class=\"Object\"><span id=\"OBJ_PREFIX_DWT4383_ZmEmailObjectHandler\" class=\"Object\"><span style=\"color: #005a95;\">&#x66;&#x61;&#109;&#117;l&#x61;&#x74;&#x75;&#114;&#46;s&#x63;&#x68;&#108;&#97;d&#x6d;&#x69;&#x6e;&#103;&#64;d&#x69;&#x61;&#107;&#111;n&#x69;&#x73;&#x73;&#101;n&#46;&#x61;&#x74;\u00a0<\/span><\/span><\/span><\/a>bzw. <a href=\"&#109;&#x61;i&#108;&#x74;o&#x3a;&#x6b;&#112;&#x6a;&#46;&#115;&#x63;h&#108;&#x61;&#100;&#x6d;i&#110;&#x67;&#64;&#100;&#x69;&#97;&#x6b;&#x6f;&#110;&#x69;s&#115;&#x65;n&#x2e;&#x61;&#116;\" target=\"_blank\" rel=\"noopener noreferrer\">k&#112;&#x6a;&#x2e;s&#99;&#104;&#x6c;&#x61;d&#109;&#105;&#x6e;&#x67;&#64;&#100;&#x69;&#x61;&#x6b;o&#110;&#x69;&#x73;s&#101;&#110;&#x2e;&#x61;t<\/a>[\/vc_column_text][vc_column_text css=&#8221;&#8221;]\r\n<h3>Zivildienst<\/h3>\r\nWer den Zivildienst in der Klinik Diakonissen Schladming absolvieren m\u00f6chte, kann sich f\u00fcr die gew\u00fcnschte Stelle bewerben und wird dann von dieser angefordert, so dass man eine hohe Sicherheit hat, den Zivildienst an einem Ort, den man selbst gew\u00e4hlt hat, ableisten zu k\u00f6nnen. Hier kommen Sie zum Bewerbungsformular:\u00a0<a href=\"https:\/\/www.diakonie.at\/jobplattform\/offene-stellen\/engagierte-zivildiener-gesucht2\">Engagierte Zivildiener gesucht!<\/a> N\u00e4here Ausk\u00fcnfte zum Zivildienst in der Klinik Diakonissen Schladming erhalten Sie bei[\/vc_column_text][vc_column_text css=&#8221;&#8221;]Frau Astrid Wanke Leitung Warenlogistik Salzburgerstra\u00dfe 777 8970 Schladming E-Mail: <a href=\"mai&#108;&#116;&#111;&#x3a;&#x62;&#x65;&#x77;&#x65;&#x72;bun&#103;&#46;&#115;&#99;&#x68;&#x6c;&#x61;&#x64;&#x6d;&#x69;ng&#64;&#100;&#105;&#97;&#x6b;&#x6f;&#x6e;&#x69;&#x73;&#x73;en&#46;&#97;&#116;?subject=Zivildiener\">&#x62;&#x65;&#x77;&#x65;&#x72;&#x62;&#x75;&#x6e;&#103;&#46;&#115;&#99;&#104;&#108;&#97;dmin&#x67;&#x40;&#x64;&#x69;&#x61;&#x6b;&#x6f;&#x6e;&#x69;&#115;&#115;&#101;&#110;&#46;&#97;&#116;<\/a> Web: <a href=\"https:\/\/www.schladming.diakonissen.at\/en\/\">www.schladming.diakonissen.at<\/a> Tel.: 03687 20 20\u00a0&#8211; 0 Fax: 03687 20 207 800[\/vc_column_text][\/vc_column_inner][\/vc_row_inner][\/vc_column][\/vc_row][vc_row css_animation=&#8221;&#8221; row_type=&#8221;row&#8221; use_row_as_full_screen_section=&#8221;no&#8221; type=&#8221;full_width&#8221; angled_section=&#8221;no&#8221; text_align=&#8221;left&#8221; background_image_as_pattern=&#8221;without_pattern&#8221;][vc_column][vc_column_text]\r\n\r\n[\/vc_column_text][\/vc_column][\/vc_row]<!-- \/wp:post-content --><\/div>","protected":false},"excerpt":{"rendered":"<p>[vc_row css_animation=&#8221;&#8221; row_type=&#8221;row&#8221; use_row_as_full_screen_section=&#8221;no&#8221; type=&#8221;full_width&#8221; angled_section=&#8221;no&#8221; text_align=&#8221;left&#8221; background_image_as_pattern=&#8221;without_pattern&#8221; css=&#8221;.vc_custom_1473318722760{padding-bottom: 50px !important;}&#8221;][vc_column][vc_column_text] KARRIERE &amp; AUSBILDUNG [\/vc_column_text][vc_separator type=&#8221;small&#8221; position=&#8221;left&#8221; color=&#8221;#0055cc&#8221; thickness=&#8221;2&#8243; width=&#8221;120&#8243;&#8230;<\/p>\n","protected":false},"author":5,"featured_media":0,"parent":17867,"menu_order":0,"comment_status":"closed","ping_status":"closed","template":"","meta":{"_acf_changed":false,"footnotes":""},"class_list":["post-17872","page","type-page","status-publish","hentry"],"acf":[],"_links":{"self":[{"href":"https:\/\/www.schladming.diakonissen.at\/en\/wp-json\/wp\/v2\/pages\/17872","targetHints":{"allow":["GET"]}}],"collection":[{"href":"https:\/\/www.schladming.diakonissen.at\/en\/wp-json\/wp\/v2\/pages"}],"about":[{"href":"https:\/\/www.schladming.diakonissen.at\/en\/wp-json\/wp\/v2\/types\/page"}],"author":[{"embeddable":true,"href":"https:\/\/www.schladming.diakonissen.at\/en\/wp-json\/wp\/v2\/users\/5"}],"replies":[{"embeddable":true,"href":"https:\/\/www.schladming.diakonissen.at\/en\/wp-json\/wp\/v2\/comments?post=17872"}],"version-history":[{"count":8,"href":"https:\/\/www.schladming.diakonissen.at\/en\/wp-json\/wp\/v2\/pages\/17872\/revisions"}],"predecessor-version":[{"id":23407,"href":"https:\/\/www.schladming.diakonissen.at\/en\/wp-json\/wp\/v2\/pages\/17872\/revisions\/23407"}],"up":[{"embeddable":true,"href":"https:\/\/www.schladming.diakonissen.at\/en\/wp-json\/wp\/v2\/pages\/17867"}],"wp:attachment":[{"href":"https:\/\/www.schladming.diakonissen.at\/en\/wp-json\/wp\/v2\/media?parent=17872"}],"curies":[{"name":"wp","href":"https:\/\/api.w.org\/{rel}","templated":true}]}}