{"id":17860,"date":"2017-04-12T13:48:53","date_gmt":"2017-04-12T11:48:53","guid":{"rendered":"http:\/\/www.schladming.diakonissen.at\/?page_id=17860\/"},"modified":"2025-07-31T15:36:32","modified_gmt":"2025-07-31T13:36:32","slug":"faq","status":"publish","type":"page","link":"https:\/\/www.schladming.diakonissen.at\/en\/faq\/","title":{"rendered":"FAQ"},"content":{"rendered":"<div class=\"wpb-content-wrapper\"><p>[vc_row css_animation=&#8221;&#8221; row_type=&#8221;row&#8221; use_row_as_full_screen_section=&#8221;no&#8221; type=&#8221;full_width&#8221; angled_section=&#8221;no&#8221; text_align=&#8221;left&#8221; background_image_as_pattern=&#8221;without_pattern&#8221; css=&#8221;.vc_custom_1475833930382{padding-top: 50px !important;padding-bottom: 50px !important;}&#8221;][vc_column][vc_tabs style=&#8221;horizontal&#8221; title=&#8221;FAQ&#8221;][vc_tab title=&#8221;A&#8221; tab_id=&#8221;50b4b23a-d6df-3&#8243;][vc_column_text]<\/p>\n<h3>ADDRESSE (ANSCHRIFT)<\/h3>\n<p><strong>Unsere Postanschrift lautet:<\/strong><br \/>Klinik Diakonissen\u00a0Schladming<\/p>\n<p>Salzburger Stra\u00dfe 777<br \/>A-8970 Schladming<\/p>\n<p><strong>Telefon:<\/strong> 0043(0)\u00a03687-2020-0<br \/><strong>FAX:<\/strong> 0043(0) 3687-2020-7800<br \/><strong>E-mail:<\/strong> <a href=\"&#109;&#x61;&#x69;l&#116;&#x6f;:&#107;&#x6c;&#x69;n&#105;&#x6b;&#46;&#115;&#x63;&#x68;l&#97;&#x64;m&#105;&#x6e;&#x67;&#64;&#100;&#x69;a&#107;&#x6f;&#x6e;&#105;&#x73;&#x73;e&#110;&#x2e;a&#116;\">&#x6b;l&#x69;&#110;i&#x6b;&#46;&#x73;&#99;h&#x6c;&#97;&#x64;&#109;i&#x6e;&#103;&#x40;&#x64;i&#x61;&#107;o&#x6e;&#105;&#x73;&#115;e&#x6e;&#46;&#x61;&#116;<\/a><\/p>\n<p>&nbsp;<\/p>\n<hr \/>\n<h3><\/h3>\n<p><\/p>\n<h3>AN\u00c4STHESIEAMBULANZ<\/h3>\n<p>Montag &#8211; Freitag jeweils von 09:15 &#8211; 11:15 Uhr (nur mit Terminvergabe)<\/p>\n<p>&nbsp;<\/p>\n<hr \/>\n<h3><\/h3>\n<p><\/p>\n<h3>AUTOMATEN<\/h3>\n<p>Im Gang zu den Ambulanzen im Erdgeschoss stehen ein Kaffee\/Tee\/Kakao-Automat sowie ein M\u00fcnzfernsprecher. Dort finden Sie auch einen Automaten mit Getr\u00e4nken, Wurstsemmeln und S\u00fc\u00dfigkeiten.[\/vc_column_text][\/vc_tab][vc_tab title=&#8221;B&#8221; tab_id=&#8221;6c1420c5-ba17-10&#8243;][vc_column_text]<\/p>\n<h3>BEGLEITPERSONEN<\/h3>\n<p>Die Mitaufnahme von Begleitpersonen zu Kindern jeglicher Altersstufe ist m\u00f6glich. Bis zur Vollendung des 3. Lebensjahres des Kindes ist der Aufenthalt f\u00fcr die Begleitung kostenlos, danach wird ein gestaffelter Kostenbeitrag eingehoben.<\/p>\n<p>&nbsp;<\/p>\n<hr \/>\n<p>&nbsp;<\/p>\n<h3>BESUCHSZEITEN<\/h3>\n<p><strong>Allgemeine Geb\u00fchrenklasse<\/strong><br \/>14:00 &#8211; 19:00 Uhr<br \/><strong>H\u00f6here Geb\u00fchrenklasse<\/strong><br \/>09:00 &#8211; 19:00 Uhr<br \/><strong>Intensivstation<\/strong><br \/>14:00\u00a0&#8211; 16:30 Uhr<\/p>\n<p>&nbsp;<\/p>\n<hr \/>\n<p>&nbsp;<\/p>\n<h3>BUSVERBINDUNGEN<\/h3>\n<p>Die Busverbindungspl\u00e4ne sind in der Glasvitrine vor der Rezeption aufgeschlagen.<\/p>\n<p>&nbsp;<\/p>\n<hr \/>\n<p>&nbsp;<\/p>\n<h3>B\u00dcCHER<\/h3>\n<p>Die hauseigene B\u00fccherei bietet die M\u00f6glichkeit, B\u00fccher und Zeitschriften kostenlos aus den B\u00fccherregalen in den beiden Aufenthaltsr\u00e4umen im 1. und 2. Stock zu entleihen und w\u00e4hrend Ihres Aufenthaltes im Krankenhaus zu lesen. Nach dem Lesevergn\u00fcgen bitten wir um verl\u00e4ssliche R\u00fcckgabe.<\/p>\n<p>&nbsp;<\/p>\n<p>[\/vc_column_text][\/vc_tab][vc_tab title=&#8221;C&#8221; tab_id=&#8221;1475832558445-2-3&#8243;][vc_column_text css=&#8221;&#8221;]<\/p>\n<h3>CAF\u00c9 DIAKONISSEN<\/h3>\n<p>Im Erdgeschoss befindet sich das gem\u00fctliche Caf\u00e9 Diakonissen mit angeschlossenem Kiosk. Hier k\u00f6nnen Sie sich mit hausgemachten Mehlspeisen und verschiedenen Getr\u00e4nken sowie mit kleinen Imbissen verw\u00f6hnen lassen. Weiters bietet unser Caf\u00e9 wechselnde Men\u00fcs und Mittagsaktionen an.<\/p>\n<p>\u00d6ffnungszeiten: t\u00e4glich von 09:00 &#8211; 16:30 Uhr<\/p>\n<p>&nbsp;<\/p>\n<hr \/>\n<p>&nbsp;<\/p>\n<h3>CITY-BUS<\/h3>\n<p>Der Fahrplan des City-Busses ist auf die Besuchszeiten der Klinik Diakonissen abgestimmt. Die Haltestelle befindet sich \u00f6stlich vor dem Klinikeingang oder Sie benutzen die Haltestelle am Bahnhof.[\/vc_column_text][\/vc_tab][vc_tab title=&#8221;D&#8221; tab_id=&#8221;1475832559577-3-9&#8243;][vc_column_text]<\/p>\n<h3>DIABETESAMBULANZ<\/h3>\n<p>Mittwoch ab 07:00 Uhr (nur mit Terminvergabe)<\/p>\n<p>&nbsp;<\/p>\n<hr \/>\n<h3><\/h3>\n<p>&nbsp;<\/p>\n<h3>DIABETESBERATUNG und -SCHULUNGEN<\/h3>\n<p>In der Klinik Diakonissen steht das Angebot der Diabetesberatung zur Verf\u00fcgung. Es werden auch regelm\u00e4\u00dfig Diabetikerschulungen angeboten. Informationen (Termin, Kosten, Ort) erteilt Ihnen gerne das Interne Sekretariat (Tel. +43 3687 2020-2500).<\/p>\n<p>&nbsp;<\/p>\n<hr \/>\n<p>&nbsp;<\/p>\n<h3>DI\u00c4TBERATUNG<\/h3>\n<p>Im 2. Stock (Station C) steht Ihnen unsere\u00a0Di\u00e4tologin zur Verf\u00fcgung. Termine vereinbaren\u00a0 Sie bitte \u00fcber unsere Di\u00e4tologin Elisabeth J\u00e4ger (Tel. +43 3687 2020-6520)<\/p>\n<p>&nbsp;<\/p>\n<hr \/>\n<p>&nbsp;<\/p>\n<h3><\/h3>\n<p>[\/vc_column_text][\/vc_tab][vc_tab title=&#8221;E&#8221; tab_id=&#8221;1475832560333-4-0&#8243;][vc_column_text]<\/p>\n<h3>ELTERN-KIND-ZIMMER<\/h3>\n<p>Auf der Station A\u00a0gibt es drei Eltern-Kind-Zimmer, falls eine Begleitperson mit im Krankenhaus bleiben m\u00f6chte, sowie ein speziell eingerichtetes Spielzimmer.<\/p>\n<p>&nbsp;<\/p>\n<hr \/>\n<p>&nbsp;<\/p>\n<h3>ERN\u00c4HRUNG<\/h3>\n<p>Wir legen Wert darauf, Ihnen eine gute, bek\u00f6mmliche und Ihrer Krankheit entsprechende Kost zu bieten. Ihre Ern\u00e4hrungsform wird vom Arzt verordnet und von der\u00a0Di\u00e4tologin zusammengestellt, um den bestm\u00f6glichen Heilungserfolg zu erzielen. Denken Sie bitte daran, wenn Ihre BesuchInnen Speisen\u00a0und Getr\u00e4nke mitbringen.[\/vc_column_text][\/vc_tab][vc_tab title=&#8221;F&#8221; tab_id=&#8221;1475832562046-5-5&#8243;][vc_column_text]<\/p>\n<h3>FAX<\/h3>\n<p>PatientInnen haben bei uns die M\u00f6glichkeit, gegen Bezahlung zu faxen.\u00a0Fragen Sie diesbez\u00fcglich das Pflegepersonal\u00a0bzw. an der Rezeption.<\/p>\n<p>&nbsp;<\/p>\n<hr \/>\n<p>&nbsp;<\/p>\n<h3>FERNSEHEN<\/h3>\n<p>In den Patienten-Aufenthaltsr\u00e4umen im 1. und 2. Stock steht jeweils ein Fernsehger\u00e4t. In den Klassezimmern stehen Apparate (Kabelanschluss) mit Kopfh\u00f6rer zur Verf\u00fcgung. Auf den Stationen A, B und C k\u00f6nnen Sie gegen eine Tagesgeb\u00fchr ein Fernsehger\u00e4t leihen. Wir ersuchen Sie h\u00f6flich, Kopfh\u00f6rer zu verwenden, um BettnachbarInnen nicht zu st\u00f6ren. Kopfh\u00f6rer erhalten Sie gegen eine Geb\u00fchr an der Rezeption.<\/p>\n<p>&nbsp;<\/p>\n<hr \/>\n<p>&nbsp;<\/p>\n<h3>FRISEUR, FUSSPFLEGE<\/h3>\n<p>Nach Bedarf k\u00f6nnen Sie sich in unserem Haus von Mobilfriseure und Fu\u00dfpfleger verw\u00f6hnen lassen. F\u00fcr Terminvereinbarungen wenden Sie sich bitte an die Stationsleitungen.<\/p>\n<p>&nbsp;<\/p>\n<hr \/>\n<h3><\/h3>\n<p><\/p>\n<h3>FU\u00dfAMBULANZ<\/h3>\n<p>Montag von 13:00 &#8211; 15:00 Uhr (nur mit Terminvergabe)[\/vc_column_text][\/vc_tab][vc_tab title=&#8221;G&#8221; tab_id=&#8221;1475832563119-6-8&#8243;][vc_column_text css=&#8221;&#8221;]<\/p>\n<h3>GARTEN<\/h3>\n<p>Auf der Nordseite der Klinik-Diakonissen befindet sich ein gro\u00dfz\u00fcgig angelegter Garten mit vielen Sitzgelegenheiten. Sie erreichen den Patientenpark direkt \u00fcber die Terrasse unseres Caf\u00e9s.<\/p>\n<p>&nbsp;<\/p>\n<hr \/>\n<p>&nbsp;<\/p>\n<h3>GOTTESDIENSTE<\/h3>\n<p>Die Seelsorger der evangelischen und r\u00f6misch-katholischen Pfarr\u00e4mter besuchen unsere PatientInnen regelm\u00e4\u00dfig und halten Gottesdienste:<\/p>\n<p>&nbsp;<\/p>\n<p><strong>jeden Donnerstag, um 19:00 Uhr. In den ungeraden Wochen wird der Gottesdienst von r\u00f6m.-kath. Seite und in den geraden Wochen von evangelischer Seite gefeiert.<\/strong><\/p>\n<p>&nbsp;<\/p>\n<p>Diese finden in der hauseigenen Kapelle (Eingangshalle) statt. Die Gottesdienste werden auch auf die Stationen \u00fcbertragen:<\/p>\n<p>Ton\u00fcbertragung: Kanal 15 (Kopfh\u00f6rer)<br \/>Bild- und Ton\u00fcbertragung: Kanal 30<\/p>\n<p>Selbstverst\u00e4ndlich sind auch f\u00fcr Sie die Geistlichen der evangelischen und katholischen Kirche erreichbar. Den Wunsch f\u00fcr ein Gespr\u00e4ch k\u00f6nnen Sie an das Pflegepersonal, die SozialarbeiterInnen, die PsychotherapeutInnen oder Ihren Arzt herantragen, die f\u00fcr die Weiterleitung sorgen.<br \/>F\u00fcr Ruhe, Gebet und Besinnung k\u00f6nnen Sie jederzeit gerne unsere Hauskapelle im Erdgeschoss aufsuchen.[\/vc_column_text][\/vc_tab][vc_tab title=&#8221;H&#8221; tab_id=&#8221;1475832564163-7-2&#8243;][vc_column_text]<\/p>\n<h3>HANDAMBULANZ<\/h3>\n<p>Dienstag von 13:00 bis 15:00 Uhr (nur mit Terminvergabe)<\/p>\n<p>&nbsp;<\/p>\n<hr \/>\n<h3>HYGIENEARTIKEL<\/h3>\n<p>Hygieneartikel wie z.B. Zahnpasta, Duschgel, Taschent\u00fccher etc. sind am Kiosk beim Caf\u00e9\u00a0erh\u00e4ltlich.[\/vc_column_text][\/vc_tab][vc_tab title=&#8221;I&#8221; tab_id=&#8221;1475832565107-8-2&#8243;][vc_column_text]<\/p>\n<h3>INTERNETCORNER<\/h3>\n<p>Es steht\u00a0ein PC f\u00fcr Sie im Caf\u00e9 sowie im ambulanten Wartebereich zur Verf\u00fcgung. Hier haben Sie die M\u00f6glichkeit, kostenlos zu surfen oder E-Mails zu verschicken.[\/vc_column_text][\/vc_tab][vc_tab title=&#8221;K&#8221; tab_id=&#8221;1475832567121-10-3&#8243;][vc_column_text]<\/p>\n<h3>KINDERAMBULANZ<\/h3>\n<p>Montag von 13:00 bis 15:00 Uhr (nur mit Terminvergabe)<\/p>\n<p>&nbsp;<\/p>\n<hr \/>\n<h3><\/h3>\n<p>&nbsp;<\/p>\n<h3>KINDERSPIELECKE<\/h3>\n<p>Im Wartebereich der Ambulanzen befindet sich eine Kinderspielecke, um den Kindern die Wartezeit zu verk\u00fcrzen.<\/p>\n<p>&nbsp;<\/p>\n<hr \/>\n<h3><\/h3>\n<p>&nbsp;<\/p>\n<h3>KIOSK<\/h3>\n<p>In unserem Kiosk im Anschluss an das Caf\u00e9 erhalten Sie au\u00dfer Hygieneprodukten wie z.B. Zahnpasta, Duschgel, Taschent\u00fccher usw., auch nette Geschenkartikel (auch aus der Behindertenwerkst\u00e4tte Diakoniewerk Schladming) sowie S\u00fc\u00dfwaren und kleine Snacks oder Gutscheine f\u00fcr den Besuch des Caf\u00e9s.<\/p>\n<p>&nbsp;<\/p>\n<hr \/>\n<h3><\/h3>\n<p>&nbsp;<\/p>\n<h3>KNIE-\/H\u00dcFTAMBULANZ<\/h3>\n<p>Mittwoch von 13:00 &#8211; 15:00 Uhr (nur mit Terminvergabe)[\/vc_column_text][\/vc_tab][vc_tab title=&#8221;M&#8221; tab_id=&#8221;1475832569939-12-6&#8243;][vc_column_text]<\/p>\n<h3>M\u00dcLLTRENNUNG<\/h3>\n<p>Die Umwelt ist uns ein Anliegen \u2013 es gibt in der\u00a0Klinik-Diakonissen-Schladming ein Konzept zur M\u00fcllvermeidung und \u2013trennung. Bitte beachten Sie die Informationen in Ihrem Zimmer und trennen Sie Ihren Abfall. Bei Unklarheiten hilft Ihnen das Stationspersonal gerne weiter.[\/vc_column_text][\/vc_tab][vc_tab title=&#8221;N&#8221; tab_id=&#8221;1475832571183-13-8&#8243;][vc_column_text]<\/p>\n<h3>NOTF\u00c4LLE<\/h3>\n<p>Notf\u00e4lle und akute Erkrankungen werden rund um die Uhr aufgenommen!<\/p>\n<p>&nbsp;<\/p>\n<hr \/>\n<p>&nbsp;<\/p>\n<h3>NOTRUF<\/h3>\n<p>Rettung bzw. Notarzt = 144[\/vc_column_text][\/vc_tab][vc_tab title=&#8221;P&#8221; tab_id=&#8221;1475832863876-15-1&#8243;][vc_column_text css=&#8221;&#8221;]<\/p>\n<h3>PARKPL\u00c4TZE<\/h3>\n<p>Es steht Ihnen rund um die Uhr ein Parkdeck mit rund 140 Parkpl\u00e4tzen gegen eine Geb\u00fchr zur Verf\u00fcgung.<br \/>Die Parkgeb\u00fchr f\u00fcr Kurzparker betr\u00e4gt:<br \/>\u20ac 0,60 f\u00fcr die erste Stunde und<br \/>\u20ac 1,20 f\u00fcr jede weitere angefangene Stunde;<br \/>\u20ac 15,00 Tagesgeb\u00fchr.<br \/>Die Bezahlung der Kurzparkgeb\u00fchr muss beim Kassenautomaten im Parkhaus vor Abholung des Fahrzeuges erfolgen. Bitte beachten Sie, dass die Zeit zwischen der Ausgabe des Ausfahrtscheines und dem Passieren des Ausfahrtschrankens auf 15 Minuten begrenzt ist.<br \/>F\u00fcr station\u00e4re PatientInnen, welche das Fahrzeug w\u00e4hrend des station\u00e4ren Klinikaufenthaltes im Parkdeck abstellen, ist an der Rezeption ein Wochenticket f\u00fcr \u20ac\u00a025,00 erh\u00e4ltlich.<\/p>\n<p>&nbsp;<\/p>\n<hr \/>\n<p>&nbsp;<\/p>\n<h3>PATIENTEN-FRAGEBOGEN<\/h3>\n<p>Bitte geben Sie uns eine R\u00fcckmeldung \u00fcber Ihren Aufenthalt \u2013 teilen Sie uns Ihre Anregungen, Ihre W\u00fcnsche, Ihr Lob und nat\u00fcrlich auch Ihre Kritik mit. Dazu erhalten Sie vom Pflegepersonal Frageb\u00f6gen, die Sie anonym ausf\u00fcllen k\u00f6nnen. Werfen Sie die ausgef\u00fcllten Frageb\u00f6gen in den Briefkasten, welcher sich\u00a0im Erdgeschoss neben der Eingangst\u00fcr zum B\u00fcro der station\u00e4ren Aufnahme befindet.<br \/>Ihre Meinung ist sehr wichtig f\u00fcr uns \u2013 Sie helfen uns damit, den Aufenthalt von PatientInnen zu verbessern.<\/p>\n<p>&nbsp;<\/p>\n<hr \/>\n<p>&nbsp;<\/p>\n<h3>PATIENTENUNTERBRINGUNG<\/h3>\n<p>Auskunft, in welchem Zimmer\u00a0ein\/e Patient\/in\u00a0untergebracht ist, erhalten Sie an der Rezeption, oder \u00fcber das Telefon &#8211; intern mit Nr. 91, extern unter der Telefonnummer 03687\/2020-0.<\/p>\n<p>&nbsp;<\/p>\n<hr \/>\n<h3><\/h3>\n<p>&nbsp;<\/p>\n<h3>PERS\u00d6NLICHE GEGENST\u00c4NDE<\/h3>\n<p>Wir\u00a0weisen h\u00f6flich darauf hin, dass das Krankenhaus keine Haftung f\u00fcr pers\u00f6nliche Gegenst\u00e4nde der PatientInnen (Brillen, Bekleidung, Toilettenartikel usw.) \u00fcbernehmen kann. Wertgegenst\u00e4nde k\u00f6nnen im Safe der Rezeption deponiert werden.<\/p>\n<p>&nbsp;<\/p>\n<hr \/>\n<h3><\/h3>\n<p><\/p>\n<h3>PHYSIOTHERAPIE<\/h3>\n<p>Wir behandeln ausschlie\u00dfliche station\u00e4re Patienten nach \u00e4rztlicher Anordnung. Unsere Therapieziele werden mit den Zielen des Patienten abgestimmt und sind im Wesentlichen das Erreichen der Schmerzfreiheit bzw. Schmerzlinderung, Wiederherstellung der Mobilit\u00e4t, Selbst\u00e4ndigkeit im Alltag, Wiedererlangen der individuellen Leistungs- und Alltagf\u00e4higkeit.<\/p>\n<p>&nbsp;<\/p>\n<hr \/>\n<p>&nbsp;<\/p>\n<h3>POST<\/h3>\n<p>Die Post wird Ihnen t\u00e4glich am Vormittag von unserem Pflegepersonal in Ihr Zimmer gebracht.<\/p>\n<p>&nbsp;<\/p>\n<hr \/>\n<p>[\/vc_column_text][\/vc_tab][vc_tab title=&#8221;R&#8221; tab_id=&#8221;1475832865817-17-5&#8243;][vc_column_text css=&#8221;&#8221;]<\/p>\n<h3>RADIO<\/h3>\n<p>Falls Sie das Radio beim Bett benutzen oder einen privaten Radioapparat mitgebracht haben, ersuchen wir Sie h\u00f6flich Kopfh\u00f6rer zu verwenden, um die Bettnachbarn nicht zu st\u00f6ren. Kopfh\u00f6rer k\u00f6nnen Sie an der Rezeption gegen eine Geb\u00fchr von \u20ac 3,&#8211; kaufen.<\/p>\n<p>&nbsp;<\/p>\n<hr \/>\n<h3><\/h3>\n<p>&nbsp;<\/p>\n<h3>RADIOLOGIE<\/h3>\n<p>CT-Untersuchungen werden nur f\u00fcr station\u00e4re Patienten durchgef\u00fchrt.<\/p>\n<p>&nbsp;<\/p>\n<hr \/>\n<h3><\/h3>\n<p>&nbsp;<\/p>\n<h3>RAUCHEN<\/h3>\n<p>Das Rauchen ist nur im Bereich vor dem Haupteingang gestattet. Achtung: ab 19:30 Uhr ist der Haupteingang geschlossen!!<br \/>Bitte beachten Sie, dass \u00fcberall sonst im Haus Rauchverbot herrscht. Da wir eine Gesundheitseinrichtung sind, m\u00f6chten wir unsere PatientInnen zum sensiblen Umgang mit dem Rauchen veranlassen!<\/p>\n<p>Vielleicht n\u00fctzen Sie Ihren Aufenthalt bei uns als Gelegenheit, um mit dem Rauchen aufzuh\u00f6ren. Wenden Sie sich an Ihren Arzt oder Ihre \u00c4rztin \u2013 er\/sie ber\u00e4t Sie gerne \u00fcber eine Raucherentw\u00f6hnung.<\/p>\n<p>&nbsp;<\/p>\n<hr \/>\n<p>&nbsp;<\/p>\n<h3>RETTUNG<\/h3>\n<p>Das Rote Kreuz Schladming ist unter der Telefonnummer 03612 &#8211; 22144 \u00fcber die Bezirksstelle Liezen erreichbar (f\u00fcr Transportanforderungen). F\u00fcr Notf\u00e4lle w\u00e4hlen Sie den\u00a0Notruf 144!<\/p>\n<p>&nbsp;<\/p>\n<hr \/>\n<p>&nbsp;<\/p>\n<h3>REZEPTION<\/h3>\n<p>Diese befindet sich im Krankenhauseingangsbereich und ist t\u00e4glich von 7:00 &#8211; 19:00 Uhr besetzt. Telefonisch erreichen Sie die Rezeption im Haus unter der Durchwahl 91.<\/p>\n<h3><\/h3>\n<p>&nbsp;<\/p>\n<hr \/>\n<h3><\/h3>\n<p>&nbsp;<\/p>\n<h3>RHEUMAAMBULANZ<\/h3>\n<p>1 x monatlich Dienstag oder Donnerstag von 13:00 bis 15:00 Uhr (nur mit Terminvergabe)<\/p>\n<p>&nbsp;<\/p>\n<hr \/>\n<h3><\/h3>\n<p>&nbsp;<\/p>\n<h3>R\u00d6NTGEN-DUPLIKATE<\/h3>\n<p>R\u00f6ntgen werden in der Klinik-Diakonissen-Schladming mittels einer modernen, digitalen R\u00f6ntgenmethode durchgef\u00fchrt. Falls Sie Duplikate Ihrer R\u00f6ntgenbilder ben\u00f6tigen, k\u00f6nnen Sie gerne eine CD oder Kopien Ihrer R\u00f6ntgenbilder gegen Bezahlung anfertigen lassen. Bitte erkundigen Sie sich beim R\u00f6ntgenpersonal bzw. beim Pflegepersonal.[\/vc_column_text][\/vc_tab][vc_tab title=&#8221;S&#8221; tab_id=&#8221;1503467991074-17-0&#8243;][vc_column_text]<\/p>\n<h3>SPEZIALAMBULANZEN (nur mit Terminvergabe):<\/h3>\n<p>&nbsp;<\/p>\n<h3>AN\u00c4STHESIEAMBULANZ<\/h3>\n<p>Montag &#8211; Freitag jeweils von 09:15 bis 11:15 Uhr<\/p>\n<p>&nbsp;<\/p>\n<hr \/>\n<h3>DIABETESAMBULANZ<\/h3>\n<p>Mittwoch ab 07:00 Uhr<\/p>\n<p>&nbsp;<\/p>\n<hr \/>\n<h3>FU\u00dfAMBULANZ<\/h3>\n<p>Montag\u00a0von 13:00 bis 15:00 Uhr<\/p>\n<p>&nbsp;<\/p>\n<hr \/>\n<h3>HANDAMBULANZ<\/h3>\n<p>Dienstag von 13:00 bis 15:00 Uhr<\/p>\n<p>&nbsp;<\/p>\n<hr \/>\n<h3>KINDERAMBULANZ<\/h3>\n<p>Montag von 13:00 bis 15:00 Uhr<\/p>\n<p>&nbsp;<\/p>\n<hr \/>\n<h3>KNIE-\/H\u00dcFTAMBULANZ<\/h3>\n<p>Mittwoch von 13:00 bis 15:00 Uhr<\/p>\n<p>&nbsp;<\/p>\n<hr \/>\n<h3>RHEUMAAMBULANZ<\/h3>\n<p>1 x monatlich Dienstag oder Donnerstag von 13:00 bis 15:00 Uhr<\/p>\n<p>&nbsp;<\/p>\n<hr \/>\n<h3>SCHULTERAMBULANZ<\/h3>\n<p>Donnerstag von 13:00 bis 15:00 Uhr<\/p>\n<p>&nbsp;<\/p>\n<hr \/>\n<h3>VENENAMBULANZ<\/h3>\n<p>Dienstag von 11:00 bis 13:00 Uhr[\/vc_column_text][\/vc_tab][vc_tab title=&#8221;T&#8221; tab_id=&#8221;1475832868213-19-9&#8243;][vc_column_text]<\/p>\n<h3>TAXI<\/h3>\n<p>Unsere Taxiunternehmen stehen Ihnen gerne zur Verf\u00fcgung.<\/p>\n<p>Taxi Maxi 22 222<br \/>Taxi Hubner 81 227<br \/>Taxi Thaler 61 338<\/p>\n<p>Taxi Tom 22 641<br \/>Taxi Steve 22 855<br \/>Hallo Taxi 81 949<br \/>WM-Taxi 24 222[\/vc_column_text][\/vc_tab][vc_tab title=&#8221;V&#8221; tab_id=&#8221;1503471315472-18-1&#8243;][vc_column_text]<\/p>\n<h3>VENENAMBULANZ<\/h3>\n<p>Dienstag von 11:00 bis 13:00 Uhr (nur mit Terminvergabe)[\/vc_column_text][\/vc_tab][vc_tab title=&#8221;W&#8221; tab_id=&#8221;1475832871080-22-5&#8243;][vc_column_text css=&#8221;&#8221;]<\/p>\n<h3>WERTDEPOT<\/h3>\n<p>Ihre Wertsachen k\u00f6nnen im Safe der Rezeption (Mo-So von 07:00 &#8211; 19:00 Uhr) deponiert werden.<\/p>\n<p>&nbsp;<\/p>\n<hr \/>\n<p>&nbsp;<\/p>\n<h3>WLAN<\/h3>\n<p>Das WLAN ist f\u00fcr PatientInnen kostenlos.[\/vc_column_text][\/vc_tab][\/vc_tabs][\/vc_column][\/vc_row][vc_row css_animation=&#8221;&#8221; row_type=&#8221;row&#8221; use_row_as_full_screen_section=&#8221;no&#8221; type=&#8221;full_width&#8221; angled_section=&#8221;no&#8221; text_align=&#8221;left&#8221; background_image_as_pattern=&#8221;without_pattern&#8221;][vc_column][\/vc_column][\/vc_row]<\/p>\n<\/div>","protected":false},"excerpt":{"rendered":"<p>[vc_row css_animation=&#8221;&#8221; row_type=&#8221;row&#8221; use_row_as_full_screen_section=&#8221;no&#8221; type=&#8221;full_width&#8221; angled_section=&#8221;no&#8221; text_align=&#8221;left&#8221; background_image_as_pattern=&#8221;without_pattern&#8221; css=&#8221;.vc_custom_1475833930382{padding-top: 50px !important;padding-bottom: 50px !important;}&#8221;][vc_column][vc_tabs style=&#8221;horizontal&#8221; title=&#8221;FAQ&#8221;][vc_tab title=&#8221;A&#8221; tab_id=&#8221;50b4b23a-d6df-3&#8243;][vc_column_text] ADDRESSE (ANSCHRIFT) Unsere&#8230;<\/p>\n","protected":false},"author":5,"featured_media":0,"parent":0,"menu_order":0,"comment_status":"closed","ping_status":"closed","template":"","meta":{"_acf_changed":false,"footnotes":""},"class_list":["post-17860","page","type-page","status-publish","hentry"],"acf":[],"_links":{"self":[{"href":"https:\/\/www.schladming.diakonissen.at\/en\/wp-json\/wp\/v2\/pages\/17860","targetHints":{"allow":["GET"]}}],"collection":[{"href":"https:\/\/www.schladming.diakonissen.at\/en\/wp-json\/wp\/v2\/pages"}],"about":[{"href":"https:\/\/www.schladming.diakonissen.at\/en\/wp-json\/wp\/v2\/types\/page"}],"author":[{"embeddable":true,"href":"https:\/\/www.schladming.diakonissen.at\/en\/wp-json\/wp\/v2\/users\/5"}],"replies":[{"embeddable":true,"href":"https:\/\/www.schladming.diakonissen.at\/en\/wp-json\/wp\/v2\/comments?post=17860"}],"version-history":[{"count":15,"href":"https:\/\/www.schladming.diakonissen.at\/en\/wp-json\/wp\/v2\/pages\/17860\/revisions"}],"predecessor-version":[{"id":23698,"href":"https:\/\/www.schladming.diakonissen.at\/en\/wp-json\/wp\/v2\/pages\/17860\/revisions\/23698"}],"wp:attachment":[{"href":"https:\/\/www.schladming.diakonissen.at\/en\/wp-json\/wp\/v2\/media?parent=17860"}],"curies":[{"name":"wp","href":"https:\/\/api.w.org\/{rel}","templated":true}]}}